{"id":5,"date":"2025-06-30T22:46:12","date_gmt":"2025-06-30T22:46:12","guid":{"rendered":"http:\/\/fimdoassedio.com.br\/?page_id=5"},"modified":"2025-07-17T22:24:13","modified_gmt":"2025-07-17T22:24:13","slug":"boas-vindas","status":"publish","type":"page","link":"https:\/\/fimdoassedio.com.br\/","title":{"rendered":"Boas Vindas!"},"content":{"rendered":"\n<p><strong>Descubra a PALESTRA TRANSFORADORA que Seu Neg\u00f3cio Precisa&#8230;, N\u00e3o a Que Voc\u00ea Acha Que Quer<\/strong>&#8230;<\/p>\n\n\n\n<p>E Transforme sua Empresa em um Ambiente Livre de Ass\u00e9dio!<\/p>\n\n\n\n<div style=\"height:16px\" aria-hidden=\"true\" class=\"wp-block-spacer\"><\/div>\n\n\n\n<blockquote class=\"wp-block-quote\"><p><strong>10X RESPEITO &#8211; EMPRESA LIVRE DE ASS\u00c9DIO<\/strong><\/p><p><strong>TOLER\u00c2NCIA ZERO ao Ass\u00e9dio Moral e Sexual<\/strong><\/p><\/blockquote>\n\n\n\n<p><em style=\"font-weight: bold;\"> \u00c9 a Palestra Mais Necess\u00e1ria e Requisitada no Momento!<\/em><\/p>\n\n\n\n<figure class=\"wp-block-image size-large\"><img loading=\"lazy\" width=\"567\" height=\"709\" src=\"http:\/\/fimdoassedio.com.br\/wp-content\/uploads\/2025\/06\/image.png\" alt=\"\" class=\"wp-image-6\" srcset=\"https:\/\/fimdoassedio.com.br\/wp-content\/uploads\/2025\/06\/image.png 567w, https:\/\/fimdoassedio.com.br\/wp-content\/uploads\/2025\/06\/image-240x300.png 240w\" sizes=\"(max-width: 567px) 100vw, 567px\" \/><\/figure>\n\n\n\n<p>&nbsp;O ass\u00e9dio no ambiente de trabalho \u00e9 uma realidade que prejudica equipes, reduz a produtividade e exp\u00f5e sua empresa a riscos jur\u00eddicos de altos valores e de imagem.&nbsp;<strong>Voc\u00ea sabia que o ass\u00e9dio afeta mais de 40% dos profissionais?<\/strong><\/p>\n\n\n\n<div style=\"height:18px\" aria-hidden=\"true\" class=\"wp-block-spacer\"><\/div>\n\n\n\n<p><strong>N\u00e3o me venha com desculpas<\/strong>. \u201cAqui n\u00e3o acontece.\u201d Acontece. E se voc\u00ea n\u00e3o est\u00e1 vendo, \u00e9 porque est\u00e1 com os olhos fechados para a realidade que drena sua equipe e seu caixa, desculpe a franqueza.<\/p>\n\n\n\n<div style=\"height:21px\" aria-hidden=\"true\" class=\"wp-block-spacer\"><\/div>\n\n\n\n<p>Seus concorrentes agradecem sua ina\u00e7\u00e3o. Enquanto voc\u00ea hesita,&nbsp;<strong>o ass\u00e9dio, que sangra silenciosamente<\/strong>, est\u00e1 gerando:<\/p>\n\n\n\n<ul><li><strong>Absente\u00edsmo galopante:<\/strong>&nbsp;faltas justificadas ou n\u00e3o dos colaboradores;<\/li><li><strong>Rotatividade explosiva<\/strong>: Talentos que fogem para a concorr\u00eancia;<\/li><li><strong>Queda livre na produtividade<\/strong>: Equipes desmotivadas n\u00e3o entregam resultados.&nbsp;<\/li><li><strong>Risco jur\u00eddico iminente<\/strong>: Processos, indeniza\u00e7\u00f5es de altos valores, danos \u00e0 imagem que custam fortunas.<\/li><li><strong>Acidente de Trabalho:&nbsp;<\/strong>o ass\u00e9dio cria um ambiente de estresse aumentando os riscos de acidente de trabalho. Em determinados casos, o ass\u00e9dio no trabalho pode ser equiparado a um acidente de trabalho, conferindo ao trabalhador direitos como estabiliade e benef\u00edcios previdenci\u00e1rios.<\/li><\/ul>\n\n\n\n<hr class=\"wp-block-separator\"\/>\n\n\n\n<p>A palestra&nbsp;<strong>10X RESPEITO: EMPRESA LIVRE DE ASS\u00c9DIO \u2013 Toler\u00e2ncia ZERO ao Ass\u00e9dio Moral e Sexual,<\/strong>&nbsp;com Edenilton Salvador, oferece as ferramentas e o conhecimento para construir uma cultura de respeito, seguran\u00e7a e alta performance, proporcionando um ambiente onde talentos crescem e resultados se multiplicam.<\/p>\n\n\n\n<div style=\"height:16px\" aria-hidden=\"true\" class=\"wp-block-spacer\"><\/div>\n\n\n\n<p><strong>DESTAQUES DOS PRINCIPAIS BENEF\u00cdCIOS:<\/strong><\/p>\n\n\n\n<blockquote class=\"wp-block-quote\"><p><strong>Proteger sua Equipe:<\/strong>&nbsp;Criar um ambiente seguro e acolhedor\/emp\u00e1tico.<\/p><p><strong>Aumentar Produtividade:<\/strong>&nbsp;Liberar o potencial m\u00e1ximo dos seus colaboradores.<\/p><p><strong>Prevenir A\u00e7\u00f5es Judiciais:<\/strong>&nbsp;Reduzir riscos legais e custos inesperados de altos valores.<\/p><p><strong>Ambiente Seguro:<\/strong>&nbsp;Fomentar a confian\u00e7a e a comunica\u00e7\u00e3o aberta.<\/p><p><strong>Reten\u00e7\u00e3o de Talentos:<\/strong>&nbsp;Atrair e mantenher os melhores profissionais.<\/p><p><strong>Fortalecer Sua Marca:<\/strong>&nbsp;Melhorar a reputa\u00e7\u00e3o e o valor da sua empresa no mercado.<\/p><p>Atendimento \u00e0 Norma Regulamentadora n. 01 \u2013 NR-01.<\/p><\/blockquote>\n\n\n\n<div style=\"height:20px\" aria-hidden=\"true\" class=\"wp-block-spacer\"><\/div>\n\n\n\n<p><strong>O MUNDO MUDOU!<\/strong>&nbsp;O que h\u00e1 pouco tem era apenas uma&nbsp;<strong>\u201cbrincadeirinha\u201d<\/strong>&nbsp;ou um&nbsp;<strong>\u201celogio\u201d<\/strong>, hoje \u00e9 considerado Ass\u00e9dio, com&nbsp;<strong>alto custo financeiro<\/strong>&nbsp;para a empresa e&nbsp;<strong>cicatrizes emocionais e f\u00edsicas<\/strong>&nbsp;para o colaborador.&nbsp;<strong>Sua empresa est\u00e1 realmente preparada para prosperar nessa nova realidade?&nbsp;<\/strong><\/p>\n\n\n\n<p>Esta n\u00e3o \u00e9 mais uma palestra \u201cbonitinha\u201d de Rela\u00e7\u00f5es Humanas sobre \u201cbem-estar<strong>\u201c. \u00c9 um choque de realidade com um plano de a\u00e7\u00e3o<\/strong>!<\/p>\n\n\n\n<blockquote class=\"wp-block-quote\"><p>A \u00daNICA Palestra que combina CONSCIENTIZA\u00c7\u00c3O sobre o ass\u00e9dio com IMPACTO direito na PRODUTIVIDADE e RESULTADOS FINANCEIROS!<\/p><p><\/p><\/blockquote>\n\n\n\n<div style=\"height:15px\" aria-hidden=\"true\" class=\"wp-block-spacer\"><\/div>\n\n\n\n<figure class=\"wp-block-embed is-type-video is-provider-youtube wp-block-embed-youtube wp-embed-aspect-16-9 wp-has-aspect-ratio\"><div class=\"wp-block-embed__wrapper\">\n<iframe loading=\"lazy\" title=\"Evento sobre a implanta\u00e7\u00e3o da NR-1 e combate ao ass\u00e9dio moral e sexual no trabalho - SEST SENAT\" width=\"1170\" height=\"658\" src=\"https:\/\/www.youtube.com\/embed\/ZSIC0qcmJKg?feature=oembed\" frameborder=\"0\" allow=\"accelerometer; autoplay; clipboard-write; encrypted-media; gyroscope; picture-in-picture; web-share\" referrerpolicy=\"strict-origin-when-cross-origin\" allowfullscreen><\/iframe>\n<\/div><figcaption>Em evento no SEST SENAT sobre a implanta\u00e7\u00e3o da NR-1 e combate ao Ass\u00e9dio Moral e Sexual no trabalho, conversei com o Auditor Fiscal Rodrigo Vaz sobre a fiscaliza\u00e7\u00e3o das empresas e com a Dra. Gabriela, gerente do Minist\u00e9rio do trabalho sobre a obrigatoriedade das empresas combater a pr\u00e1tica de ass\u00e9dio no ambiente de trabalho.<\/figcaption><\/figure>\n\n\n\n<div style=\"height:12px\" aria-hidden=\"true\" class=\"wp-block-spacer\"><\/div>\n\n\n\n<div class=\"wp-block-buttons\">\n<div class=\"wp-block-button\"><a class=\"wp-block-button__link\" href=\"http:\/\/fimdoassedio.com.br\/?page_id=8\">QUERO SABER MAIS SOBRE A PALESTRA<\/a><\/div>\n<\/div>\n\n\n\n<p><\/p>\n\n\n\n<div class=\"wp-block-buttons\">\n<div class=\"wp-block-button\"><a class=\"wp-block-button__link\" href=\"https:\/\/wa.me\/5519997165599\">QUERO UMA PROPOSTA PERSONALIZADA<\/a><\/div>\n<\/div>\n","protected":false},"excerpt":{"rendered":"<p>Descubra a PALESTRA TRANSFORADORA que Seu Neg\u00f3cio Precisa&#8230;, N\u00e3o a Que Voc\u00ea Acha Que Quer&#8230; E Transforme sua Empresa em um Ambiente Livre de Ass\u00e9dio! 10X RESPEITO &#8211; EMPRESA LIVRE&hellip;<\/p>\n","protected":false},"author":1,"featured_media":0,"parent":0,"menu_order":0,"comment_status":"closed","ping_status":"closed","template":"","meta":[],"_links":{"self":[{"href":"https:\/\/fimdoassedio.com.br\/index.php?rest_route=\/wp\/v2\/pages\/5"}],"collection":[{"href":"https:\/\/fimdoassedio.com.br\/index.php?rest_route=\/wp\/v2\/pages"}],"about":[{"href":"https:\/\/fimdoassedio.com.br\/index.php?rest_route=\/wp\/v2\/types\/page"}],"author":[{"embeddable":true,"href":"https:\/\/fimdoassedio.com.br\/index.php?rest_route=\/wp\/v2\/users\/1"}],"replies":[{"embeddable":true,"href":"https:\/\/fimdoassedio.com.br\/index.php?rest_route=%2Fwp%2Fv2%2Fcomments&post=5"}],"version-history":[{"count":13,"href":"https:\/\/fimdoassedio.com.br\/index.php?rest_route=\/wp\/v2\/pages\/5\/revisions"}],"predecessor-version":[{"id":153,"href":"https:\/\/fimdoassedio.com.br\/index.php?rest_route=\/wp\/v2\/pages\/5\/revisions\/153"}],"wp:attachment":[{"href":"https:\/\/fimdoassedio.com.br\/index.php?rest_route=%2Fwp%2Fv2%2Fmedia&parent=5"}],"curies":[{"name":"wp","href":"https:\/\/api.w.org\/{rel}","templated":true}]}}